{"id":34,"date":"2026-01-02T19:52:55","date_gmt":"2026-01-02T19:52:55","guid":{"rendered":"https:\/\/benefizkonzert-lingen.de\/?page_id=34"},"modified":"2026-01-03T10:19:08","modified_gmt":"2026-01-03T10:19:08","slug":"das-benefizkonzert","status":"publish","type":"page","link":"https:\/\/benefizkonzert-lingen.de\/","title":{"rendered":"Das Benefizkonzert"},"content":{"rendered":"\n<div class=\"wp-block-group alignfull is-style-section-5 has-global-padding is-layout-constrained wp-block-group-is-layout-constrained is-style-section-5--1\" style=\"margin-top:0;margin-bottom:0;padding-top:var(--wp--preset--spacing--50);padding-bottom:var(--wp--preset--spacing--50)\">\n<div class=\"wp-block-columns alignwide is-layout-flex wp-container-core-columns-is-layout-7ee84d44 wp-block-columns-is-layout-flex\">\n<div class=\"wp-block-column is-vertically-aligned-center is-layout-flow wp-block-column-is-layout-flow\" style=\"flex-basis:50%\">\n<h2 class=\"wp-block-heading\">Musik. Gemeinschaft. Gutes tun. <\/h2>\n\n\n\n<p class=\"has-medium-font-size\">Das Benefizkonzert ist mittlerweile eine feste Gr\u00f6\u00dfe im Lingener Veranstaltungskalender. Hochwertige Livemusik durch lokale K\u00fcnstler, eine besondere Atmosph\u00e4re und ein klares Ziel:<br><strong>Alle Erl\u00f6se flie\u00dfen zum Kinderschutzbund Lingen &amp; Meppen.<\/strong><\/p>\n\n\n\n<p class=\"has-medium-font-size\">Seit 2007 steht das Benefizkonzert in Lingen f\u00fcr besondere Konzertabende<br>und konkrete Hilfe f\u00fcr soziale Projekte in unserer Region.<\/p>\n<\/div>\n\n\n\n<div class=\"wp-block-column is-vertically-aligned-center is-layout-flow wp-block-column-is-layout-flow\" style=\"flex-basis:50%\">\n<figure class=\"wp-block-image size-full is-resized\"><img loading=\"lazy\" decoding=\"async\" width=\"450\" height=\"300\" src=\"https:\/\/benefizkonzert-lingen.de\/wp-content\/uploads\/2026\/01\/18-01-2025_9-benefiz_konzert_382.jpg\" alt=\"\" class=\"wp-image-40\" style=\"width:590px;height:auto\" srcset=\"https:\/\/benefizkonzert-lingen.de\/wp-content\/uploads\/2026\/01\/18-01-2025_9-benefiz_konzert_382.jpg 450w, https:\/\/benefizkonzert-lingen.de\/wp-content\/uploads\/2026\/01\/18-01-2025_9-benefiz_konzert_382-300x200.jpg 300w\" sizes=\"auto, (max-width: 450px) 100vw, 450px\" \/><\/figure>\n<\/div>\n<\/div>\n<\/div>\n\n\n\n<div class=\"wp-block-group alignfull has-global-padding is-layout-constrained wp-block-group-is-layout-constrained\" style=\"margin-top:0;margin-bottom:0\">\n<div class=\"wp-block-group alignwide is-layout-grid wp-container-core-group-is-layout-5fdb10e5 wp-block-group-is-layout-grid\" style=\"padding-top:var(--wp--preset--spacing--50);padding-bottom:var(--wp--preset--spacing--50)\">\n<div class=\"wp-block-group is-vertical is-content-justification-stretch is-nowrap is-layout-flex wp-container-core-group-is-layout-627337ab wp-block-group-is-layout-flex\">\n<div class=\"wp-block-group is-vertical is-content-justification-left is-layout-flex wp-container-core-group-is-layout-dd225191 wp-block-group-is-layout-flex\">\n<h2 class=\"wp-block-heading is-style-default\">Jubil\u00e4um!<\/h2>\n\n\n\n<p class=\"is-style-text-subtitle has-large-font-size is-style-text-subtitle--2\">Im Januar 2027 wollen wir mit euch Jubil\u00e4um feiern \u2013 das 10. Benefizkonzert, das f\u00fcr Best\u00e4ndigkeit, Engagement und Zusammenhalt steht findet in der Emsland-Arena statt!<\/p>\n\n\n\n<p class=\"has-large-font-size\">Details folgen &#8211; folgt uns auf Social Media und bleibt informiert!<\/p>\n\n\n\n<div class=\"wp-block-columns is-not-stacked-on-mobile is-layout-flex wp-container-core-columns-is-layout-28f84493 wp-block-columns-is-layout-flex\">\n<div class=\"wp-block-column is-layout-flow wp-block-column-is-layout-flow\">\n<figure class=\"wp-block-image aligncenter size-large is-resized\"><a href=\"https:\/\/www.facebook.com\/BenefizkonzertLingen\" target=\"_blank\" rel=\" noreferrer noopener\"><img loading=\"lazy\" decoding=\"async\" width=\"1024\" height=\"1024\" src=\"https:\/\/benefizkonzert-lingen.de\/wp-content\/uploads\/2026\/01\/Facebook_Logo_Primary-1024x1024.png\" alt=\"\" class=\"wp-image-13\" style=\"width:50px\" srcset=\"https:\/\/benefizkonzert-lingen.de\/wp-content\/uploads\/2026\/01\/Facebook_Logo_Primary-1024x1024.png 1024w, https:\/\/benefizkonzert-lingen.de\/wp-content\/uploads\/2026\/01\/Facebook_Logo_Primary-300x300.png 300w, https:\/\/benefizkonzert-lingen.de\/wp-content\/uploads\/2026\/01\/Facebook_Logo_Primary-150x150.png 150w, https:\/\/benefizkonzert-lingen.de\/wp-content\/uploads\/2026\/01\/Facebook_Logo_Primary-768x768.png 768w, https:\/\/benefizkonzert-lingen.de\/wp-content\/uploads\/2026\/01\/Facebook_Logo_Primary-1536x1536.png 1536w, https:\/\/benefizkonzert-lingen.de\/wp-content\/uploads\/2026\/01\/Facebook_Logo_Primary-2048x2048.png 2048w\" sizes=\"auto, (max-width: 1024px) 100vw, 1024px\" \/><\/a><\/figure>\n<\/div>\n\n\n\n<div class=\"wp-block-column is-layout-flow wp-block-column-is-layout-flow\">\n<figure class=\"wp-block-image aligncenter size-full is-resized\"><a href=\"https:\/\/www.instagram.com\/benefizkonzert_lingen\" target=\"_blank\" rel=\" noreferrer noopener\"><img loading=\"lazy\" decoding=\"async\" width=\"1000\" height=\"1000\" src=\"https:\/\/benefizkonzert-lingen.de\/wp-content\/uploads\/2026\/01\/Instagram.png\" alt=\"\" class=\"wp-image-15\" style=\"width:50px\" srcset=\"https:\/\/benefizkonzert-lingen.de\/wp-content\/uploads\/2026\/01\/Instagram.png 1000w, https:\/\/benefizkonzert-lingen.de\/wp-content\/uploads\/2026\/01\/Instagram-300x300.png 300w, https:\/\/benefizkonzert-lingen.de\/wp-content\/uploads\/2026\/01\/Instagram-150x150.png 150w, https:\/\/benefizkonzert-lingen.de\/wp-content\/uploads\/2026\/01\/Instagram-768x768.png 768w\" sizes=\"auto, (max-width: 1000px) 100vw, 1000px\" \/><\/a><\/figure>\n<\/div>\n\n\n\n<div class=\"wp-block-column is-layout-flow wp-block-column-is-layout-flow\">\n<figure class=\"wp-block-image size-full is-resized\"><a href=\"https:\/\/rt142.round-table.de\/service\/benefizkonzert\/\"><img loading=\"lazy\" decoding=\"async\" width=\"811\" height=\"387\" src=\"https:\/\/benefizkonzert-lingen.de\/wp-content\/uploads\/2026\/01\/homepage.png\" alt=\"\" class=\"wp-image-41\" style=\"width:250px\" srcset=\"https:\/\/benefizkonzert-lingen.de\/wp-content\/uploads\/2026\/01\/homepage.png 811w, https:\/\/benefizkonzert-lingen.de\/wp-content\/uploads\/2026\/01\/homepage-300x143.png 300w, https:\/\/benefizkonzert-lingen.de\/wp-content\/uploads\/2026\/01\/homepage-768x366.png 768w\" sizes=\"auto, (max-width: 811px) 100vw, 811px\" \/><\/a><\/figure>\n<\/div>\n<\/div>\n\n\n\n<p class=\"is-style-text-subtitle is-style-text-subtitle--3\"><\/p>\n<\/div>\n<\/div>\n\n\n\n<figure class=\"wp-block-image size-full\"><img loading=\"lazy\" decoding=\"async\" width=\"2560\" height=\"1707\" src=\"https:\/\/benefizkonzert-lingen.de\/wp-content\/uploads\/2026\/01\/18-01-2025_9-benefiz_konzert_182-scaled.jpg\" alt=\"\" class=\"wp-image-36\" style=\"object-fit:cover\" srcset=\"https:\/\/benefizkonzert-lingen.de\/wp-content\/uploads\/2026\/01\/18-01-2025_9-benefiz_konzert_182-scaled.jpg 2560w, https:\/\/benefizkonzert-lingen.de\/wp-content\/uploads\/2026\/01\/18-01-2025_9-benefiz_konzert_182-300x200.jpg 300w, https:\/\/benefizkonzert-lingen.de\/wp-content\/uploads\/2026\/01\/18-01-2025_9-benefiz_konzert_182-1024x683.jpg 1024w, https:\/\/benefizkonzert-lingen.de\/wp-content\/uploads\/2026\/01\/18-01-2025_9-benefiz_konzert_182-768x512.jpg 768w, https:\/\/benefizkonzert-lingen.de\/wp-content\/uploads\/2026\/01\/18-01-2025_9-benefiz_konzert_182-1536x1024.jpg 1536w, https:\/\/benefizkonzert-lingen.de\/wp-content\/uploads\/2026\/01\/18-01-2025_9-benefiz_konzert_182-2048x1365.jpg 2048w\" sizes=\"auto, (max-width: 2560px) 100vw, 2560px\" \/><\/figure>\n<\/div>\n<\/div>\n\n\n\n<p><\/p>\n","protected":false},"excerpt":{"rendered":"<p>Musik. Gemeinschaft. Gutes tun. Das Benefizkonzert ist mittlerweile eine feste Gr\u00f6\u00dfe im Lingener Veranstaltungskalender. Hochwertige Livemusik durch lokale K\u00fcnstler, eine besondere Atmosph\u00e4re und ein klares Ziel:Alle Erl\u00f6se flie\u00dfen zum Kinderschutzbund Lingen &amp; Meppen. Seit 2007 steht das Benefizkonzert in Lingen f\u00fcr besondere Konzertabendeund konkrete Hilfe f\u00fcr soziale Projekte in unserer Region. Jubil\u00e4um! Im Januar 2027 [&hellip;]<\/p>\n","protected":false},"author":1,"featured_media":0,"parent":0,"menu_order":0,"comment_status":"closed","ping_status":"closed","template":"","meta":{"footnotes":""},"class_list":["post-34","page","type-page","status-publish","hentry"],"_links":{"self":[{"href":"https:\/\/benefizkonzert-lingen.de\/index.php\/wp-json\/wp\/v2\/pages\/34","targetHints":{"allow":["GET"]}}],"collection":[{"href":"https:\/\/benefizkonzert-lingen.de\/index.php\/wp-json\/wp\/v2\/pages"}],"about":[{"href":"https:\/\/benefizkonzert-lingen.de\/index.php\/wp-json\/wp\/v2\/types\/page"}],"author":[{"embeddable":true,"href":"https:\/\/benefizkonzert-lingen.de\/index.php\/wp-json\/wp\/v2\/users\/1"}],"replies":[{"embeddable":true,"href":"https:\/\/benefizkonzert-lingen.de\/index.php\/wp-json\/wp\/v2\/comments?post=34"}],"version-history":[{"count":3,"href":"https:\/\/benefizkonzert-lingen.de\/index.php\/wp-json\/wp\/v2\/pages\/34\/revisions"}],"predecessor-version":[{"id":87,"href":"https:\/\/benefizkonzert-lingen.de\/index.php\/wp-json\/wp\/v2\/pages\/34\/revisions\/87"}],"wp:attachment":[{"href":"https:\/\/benefizkonzert-lingen.de\/index.php\/wp-json\/wp\/v2\/media?parent=34"}],"curies":[{"name":"wp","href":"https:\/\/api.w.org\/{rel}","templated":true}]}}