{"id":43,"date":"2026-01-02T20:07:50","date_gmt":"2026-01-02T20:07:50","guid":{"rendered":"https:\/\/benefizkonzert-lingen.de\/?page_id=43"},"modified":"2026-01-03T11:21:15","modified_gmt":"2026-01-03T11:21:15","slug":"historie","status":"publish","type":"page","link":"https:\/\/benefizkonzert-lingen.de\/index.php\/historie\/","title":{"rendered":"Historie"},"content":{"rendered":"\n<div class=\"wp-block-group alignfull is-style-section-5 has-global-padding is-layout-constrained wp-block-group-is-layout-constrained is-style-section-5--1\" style=\"margin-top:0;margin-bottom:0;padding-top:var(--wp--preset--spacing--50);padding-bottom:var(--wp--preset--spacing--50)\">\n<div class=\"wp-block-columns alignwide is-layout-flex wp-container-core-columns-is-layout-7ee84d44 wp-block-columns-is-layout-flex\">\n<div class=\"wp-block-column is-vertically-aligned-center is-layout-flow wp-block-column-is-layout-flow\" style=\"flex-basis:50%\">\n<h2 class=\"wp-block-heading\">\u00dcber 380.000 \u20ac Erl\u00f6s <\/h2>\n\n\n\n<p class=\"has-medium-font-size\">Das RT-Benefizkonzert ist in den letzten Jahren zu einer festen Gr\u00f6\u00dfe der Charity- und Musik-Veranstaltungen im Emsland geworden. Entstanden ist die Idee dazu auf dem Lingener Weihnachtsmarkt. Dort war der ehemalige RT 142 Lingen-Meppen viele Jahre lang mit einer Gl\u00fchweinbude vertreten. Mittlerweile sind aus einem Tisch zwei geworden, dennoch wird dieses Konzert weiterhin gemeinsam gepalnt und durchgef\u00fchrt:<\/p>\n\n\n\n<p class=\"has-text-align-left has-medium-font-size\"><strong>RT 142 Emsland-Mitte &amp; RT 166 Emsland S\u00fcd<\/strong><\/p>\n\n\n\n<p class=\"has-text-align-left has-medium-font-size\">An einem sp\u00e4ten Nachmittag fanden sich an der Gl\u00fchweinbude einige Musiker ein, die mit den Tablern ins Gespr\u00e4ch kamen. Einige Tassen Gl\u00fchwein sp\u00e4ter war die Idee geboren, gemeinsam etwas auf die Beine zu stellen. Die Idee: <\/p>\n\n\n\n<p class=\"has-text-align-left has-medium-font-size\"><em>Ein Benefizkonzert zu Gunsten einer guten Sache, bei dem die Bands auf ihre Gage verzichten und das vom RT ehrenamtlich organisiert, geplant und durchgef\u00fchrt wird.<\/em><\/p>\n\n\n\n<p class=\"has-text-align-left has-medium-font-size\">Nach der ersten Euphorie folgte zun\u00e4chst die ern\u00fcchternde Erkenntnis, dass solch ein Vorhaben eine Menge Arbeit bedeutet &#8211; und zwar vor, w\u00e4hrend und nach der Veranstaltung. Vor allem war mit der Anmietung der Halle und der notwendigen Technik auch ein finanzielles Risiko verbunden. So wurden Sponsoren gesucht, die mit dem einfachen Slogan: &#8222;Wir vermehren Euren Beitrag!&#8220; auch erfolgreich gefunden wurden. <\/p>\n\n\n\n<p class=\"has-medium-font-size\"><strong>Als Spendenempf\u00e4nger wurde der Kinderschutzbun<\/strong>d ausfindig gemacht, dessen wichtige und wertvolle Arbeit damit eine ma\u00dfgebliche Unterst\u00fctzung erfahren sollte. Einige Orga-Sitzungen, unz\u00e4hlige Telefonate und Gespr\u00e4che und viele Sorgenfalten sp\u00e4ter war es dann soweit: das erste RT-Benefizkonzert konnte starten.<\/p>\n<\/div>\n\n\n\n<div class=\"wp-block-column is-vertically-aligned-center is-layout-flow wp-block-column-is-layout-flow\" style=\"flex-basis:50%\">\n<figure class=\"wp-block-image size-full\"><img loading=\"lazy\" decoding=\"async\" width=\"2560\" height=\"1707\" src=\"https:\/\/benefizkonzert-lingen.de\/wp-content\/uploads\/2026\/01\/18-01-2025_9-benefiz_konzert_85-scaled.jpg\" alt=\"\" class=\"wp-image-45\" style=\"aspect-ratio:3\/4;object-fit:cover\" srcset=\"https:\/\/benefizkonzert-lingen.de\/wp-content\/uploads\/2026\/01\/18-01-2025_9-benefiz_konzert_85-scaled.jpg 2560w, https:\/\/benefizkonzert-lingen.de\/wp-content\/uploads\/2026\/01\/18-01-2025_9-benefiz_konzert_85-300x200.jpg 300w, https:\/\/benefizkonzert-lingen.de\/wp-content\/uploads\/2026\/01\/18-01-2025_9-benefiz_konzert_85-1024x683.jpg 1024w, https:\/\/benefizkonzert-lingen.de\/wp-content\/uploads\/2026\/01\/18-01-2025_9-benefiz_konzert_85-768x512.jpg 768w, https:\/\/benefizkonzert-lingen.de\/wp-content\/uploads\/2026\/01\/18-01-2025_9-benefiz_konzert_85-1536x1024.jpg 1536w, https:\/\/benefizkonzert-lingen.de\/wp-content\/uploads\/2026\/01\/18-01-2025_9-benefiz_konzert_85-2048x1365.jpg 2048w\" sizes=\"auto, (max-width: 2560px) 100vw, 2560px\" \/><\/figure>\n<\/div>\n<\/div>\n<\/div>\n\n\n\n<div class=\"wp-block-group alignfull has-global-padding is-layout-constrained wp-block-group-is-layout-constrained\" style=\"margin-top:0;margin-bottom:0\">\n<div class=\"wp-block-group alignwide is-layout-grid wp-container-core-group-is-layout-5fdb10e5 wp-block-group-is-layout-grid\" style=\"padding-top:var(--wp--preset--spacing--50);padding-bottom:var(--wp--preset--spacing--50)\">\n<div class=\"wp-block-group is-vertical is-content-justification-stretch is-nowrap is-layout-flex wp-container-core-group-is-layout-627337ab wp-block-group-is-layout-flex\">\n<div class=\"wp-block-group is-vertical is-content-justification-left is-layout-flex wp-container-core-group-is-layout-dd225191 wp-block-group-is-layout-flex\">\n<h2 class=\"wp-block-heading is-style-default has-x-large-font-size\"><strong>R\u00fcckblick<\/strong><\/h2>\n\n\n\n<p class=\"is-style-text-subtitle has-medium-font-size is-style-text-subtitle--2\">So fand am&nbsp;<strong>24.11.2007 das 1. RT-Benefizkonzert&nbsp;<\/strong>in den Emslandhallen in Lingen statt. Auf der B\u00fchne standen REVOICE, DIRTY FINGERS, NOBC sowie f\u00fcr die After-Show-Party DJ BERTI. Knapp 2.200 G\u00e4ste bescherten einen&nbsp;<strong>\u00dcberschuss von 28.600 Euro<\/strong>, der je zur H\u00e4lfte an den Kinderschutzbund Lingen und Emsland-Mitte gespendet werden konnte.<\/p>\n\n\n\n<p class=\"has-text-align-left has-medium-font-size\">Am&nbsp;<strong>28.11.2009 fand das RT-Benefizkonzert zum zweiten Mal<\/strong>&nbsp;statt. Zwischenzeitlich war der im Jahr 2005 gegr\u00fcndete OT 142 Emsland-Mitte gechartert worden, der sich von vornherein vollends der Unterst\u00fctzung des Events verschrieben hatte. In diesem Jahr standen Sch\u00fclerband und Chor des Lingener Franziskus-Gymnasiums mit auf der B\u00fchne. Insgesamt kamen fast 2.800 Besucher in die Emslandhallen und sorgten f\u00fcr einen&nbsp;<strong>Erkl\u00f6s von rund 34.500 Euro.<\/strong><\/p>\n\n\n\n<p class=\"is-style-text-subtitle has-medium-font-size is-style-text-subtitle--3\">Am&nbsp;<strong>05.11.2011 konnten die Zuschauer die dritte Auflage<\/strong>&nbsp;des in der Zwischenzeit zur Institution avancierten RT-Benefizkonzertes erleben. Die in der Nachbarhalle errichtete Cocktail-Lounge war mittlerweile zur festen Einrichtung geworden, in der bis in die fr\u00fchen Morgenstunden die After-Show-Party gefeiert wird. Neben helfenden H\u00e4nden von RT und OT 142 haben diesmal auch Tabler von Nachbartischen mit angepackt. Rund 2.500 G\u00e4ste erbrachten einen&nbsp;<strong>Erkl\u00f6s von knapp 32.000 Euro<\/strong>.<\/p>\n<\/div>\n<\/div>\n\n\n\n<figure class=\"wp-block-image size-full\"><img loading=\"lazy\" decoding=\"async\" width=\"2560\" height=\"1707\" src=\"https:\/\/benefizkonzert-lingen.de\/wp-content\/uploads\/2026\/01\/18-01-2025_9-benefiz_konzert_197-scaled.jpg\" alt=\"\" class=\"wp-image-46\" style=\"aspect-ratio:1;object-fit:cover\" srcset=\"https:\/\/benefizkonzert-lingen.de\/wp-content\/uploads\/2026\/01\/18-01-2025_9-benefiz_konzert_197-scaled.jpg 2560w, https:\/\/benefizkonzert-lingen.de\/wp-content\/uploads\/2026\/01\/18-01-2025_9-benefiz_konzert_197-300x200.jpg 300w, https:\/\/benefizkonzert-lingen.de\/wp-content\/uploads\/2026\/01\/18-01-2025_9-benefiz_konzert_197-1024x683.jpg 1024w, https:\/\/benefizkonzert-lingen.de\/wp-content\/uploads\/2026\/01\/18-01-2025_9-benefiz_konzert_197-768x512.jpg 768w, https:\/\/benefizkonzert-lingen.de\/wp-content\/uploads\/2026\/01\/18-01-2025_9-benefiz_konzert_197-1536x1024.jpg 1536w, https:\/\/benefizkonzert-lingen.de\/wp-content\/uploads\/2026\/01\/18-01-2025_9-benefiz_konzert_197-2048x1365.jpg 2048w\" sizes=\"auto, (max-width: 2560px) 100vw, 2560px\" \/><\/figure>\n<\/div>\n<\/div>\n\n\n\n<div class=\"wp-block-group alignfull is-style-section-5 has-global-padding is-layout-constrained wp-block-group-is-layout-constrained is-style-section-5--4\" style=\"margin-top:0;margin-bottom:0;padding-top:var(--wp--preset--spacing--50);padding-bottom:var(--wp--preset--spacing--50)\">\n<div class=\"wp-block-columns alignwide is-layout-flex wp-container-core-columns-is-layout-7ee84d44 wp-block-columns-is-layout-flex\">\n<div class=\"wp-block-column is-vertically-aligned-center is-layout-flow wp-block-column-is-layout-flow\" style=\"flex-basis:50%\">\n<figure class=\"wp-block-image size-full\"><img loading=\"lazy\" decoding=\"async\" width=\"2560\" height=\"1707\" src=\"https:\/\/benefizkonzert-lingen.de\/wp-content\/uploads\/2026\/01\/18-01-2025_9-benefiz_konzert_385-1-scaled.jpg\" alt=\"\" class=\"wp-image-52\" srcset=\"https:\/\/benefizkonzert-lingen.de\/wp-content\/uploads\/2026\/01\/18-01-2025_9-benefiz_konzert_385-1-scaled.jpg 2560w, https:\/\/benefizkonzert-lingen.de\/wp-content\/uploads\/2026\/01\/18-01-2025_9-benefiz_konzert_385-1-300x200.jpg 300w, https:\/\/benefizkonzert-lingen.de\/wp-content\/uploads\/2026\/01\/18-01-2025_9-benefiz_konzert_385-1-1024x683.jpg 1024w, https:\/\/benefizkonzert-lingen.de\/wp-content\/uploads\/2026\/01\/18-01-2025_9-benefiz_konzert_385-1-768x512.jpg 768w, https:\/\/benefizkonzert-lingen.de\/wp-content\/uploads\/2026\/01\/18-01-2025_9-benefiz_konzert_385-1-1536x1024.jpg 1536w, https:\/\/benefizkonzert-lingen.de\/wp-content\/uploads\/2026\/01\/18-01-2025_9-benefiz_konzert_385-1-2048x1365.jpg 2048w\" sizes=\"auto, (max-width: 2560px) 100vw, 2560px\" \/><\/figure>\n<\/div>\n\n\n\n<div class=\"wp-block-column is-vertically-aligned-center is-layout-flow wp-block-column-is-layout-flow\" style=\"flex-basis:50%\">\n<p class=\"has-medium-font-size\">Erstmals nicht im November, sondern im Januar, genauer gesagt am&nbsp;<strong>11.01.2014, fand zum vierten Mal<\/strong>&nbsp;das gro\u00dfe RT-Benefizkonzert statt. In der Zwischenzeit war der LC 40 Lingen-Meppen gechartert worden, dessen Ladies sich der mittlerweile legend\u00e4ren Cocktailbar annahmen. Zudem war in Lingen mit der neuen Emsland-Arena eine beeindruckende und moderne neue Location fertig gestellt worden. Eine weitere Neuerung war au\u00dferdem, dass die Kivelinge erstmals ehrenamtlich die Thekendienste \u00fcbernommen hatten. Und schlie\u00dflich stand erstmals die Band &#8222;ShitHappens!&#8220; des Lingener Christophoruswerkes mit auf der B\u00fchne. Erstmals war die Veranstaltung schon im Vorverkauf fast ausverkauft, \u00fcber weite Teile des Abends musste auch die Abendkasse geschlossen werden, weil die zul\u00e4ssige Gesamtbesucherzahl der Arena erreicht war. Den insgesamt \u00fcber 3.000 Besuchern scheint es bestens gefallen zu haben, denn sie berscherten einen&nbsp;<strong>Reinerl\u00f6s von \u00fcber 50.600 Euro<\/strong>.<\/p>\n\n\n\n<p class=\"has-text-align-left has-medium-font-size\">Am&nbsp;<strong>16.01.2016 findet das Benefitzkonzert bereits zum 5. Mal<\/strong>&nbsp;statt. Die 5. Auflage des Benefizkonzerts schlug ebenso ein wie die vorherigen.&nbsp;<strong>\u00dcber 45.000 Euro<\/strong>&nbsp;konnten wir auch dieses mal wieder spenden. Die G\u00e4ste feierten bis fr\u00fch in den Morgen und sorgten mal wieder f\u00fcr eine super Stimmung und von allen Seiten h\u00f6rte man lobende Worte f\u00fcr diese einzigartige Veranstaltung.&nbsp;<\/p>\n<\/div>\n<\/div>\n<\/div>\n\n\n\n<div class=\"wp-block-group alignfull has-global-padding is-layout-constrained wp-block-group-is-layout-constrained\" style=\"margin-top:0;margin-bottom:0\">\n<div class=\"wp-block-group alignwide is-layout-grid wp-container-core-group-is-layout-5fdb10e5 wp-block-group-is-layout-grid\" style=\"padding-top:var(--wp--preset--spacing--50);padding-bottom:var(--wp--preset--spacing--50)\">\n<div class=\"wp-block-group is-vertical is-content-justification-stretch is-nowrap is-layout-flex wp-container-core-group-is-layout-627337ab wp-block-group-is-layout-flex\">\n<div class=\"wp-block-group is-vertical is-content-justification-left is-layout-flex wp-container-core-group-is-layout-dd225191 wp-block-group-is-layout-flex\">\n<p class=\"is-style-default has-medium-font-size\">Auch beim mittlerweile&nbsp;<strong>6. Benefizkonzert am 13.01.2018<\/strong>&nbsp;konnte wieder eine Riesenparty gefeiert werden. Die Emsland-Arena hat sich als Location bew\u00e4hrt und neben den bew\u00e4hrten Bands war als neuer Act \u201eH\u00f6rbar Akustik\u201c erstmals am Start. Neben den Ladies vom LC 40 (Cocktailbar), den Kivelingen (Thekendienst), dem RT 226 und ihrem Kaffee-Ape unterst\u00fctzte uns zudem der Moderator Andreas Kuhnt vom NDR.<\/p>\n\n\n\n<p class=\"has-text-align-left has-medium-font-size\">Das&nbsp;<strong>7. Konzert \u2013 kurz vor Corona \u2013 im Januar 2020&nbsp;<\/strong>wurde in der Emsland-Arena mit neuer B\u00fchnenbelegung erfolgreich durchgef\u00fchrt. Die bew\u00e4hrten lokalen Bands mit Unterst\u00fctzung des Moderator Andreas Kuhnt konnten wieder den 3500 G\u00e4sten einen sch\u00f6nen Abend bereiten. Es konnte zum wiederholten Male die Spendensumme erh\u00f6ht werden, so dass ein Betrag in H\u00f6he von&nbsp;<strong>61.898 Euro<\/strong>&nbsp;zu je gleichen Teilen dem KSB Lingen &amp; KSB Meppen gespendet werden.<\/p>\n\n\n\n<p class=\"has-text-align-left has-medium-font-size\">Am<strong>&nbsp;26.11.2022<\/strong>&nbsp;folgte \u2013 nach \u00fcber 2 Jahren Planung mit mehreren Verschiebungen auf Grund von Corona \u2013 das&nbsp;<strong>8. Benefizkonzert<\/strong>&nbsp;zu Gunsten des KSB Lingen und KSB Meppen. F\u00fcr einen unvergesslichen und sch\u00f6nen Abend sorgten wieder Revoice, Dirty Fingers, NOBC, Acoustic Steel sowie DJ Berti. Nicht nur bei den Bands &amp; Veranstaltungsmonat, sondern auch bei der Location hie\u00dft es \u201eback to the roots\u201c. Das Konzert fand wieder in den Emsland-Hallen stattfinden. Hier hie\u00df es mehr Platz f\u00fcr die Umsetzung aller Ideen und Einhaltung der notwendigen Hygienevorschriften. Das 8. Benefizkonzert hatte einen Reinerl\u00f6s von&nbsp;<strong>40.000 Euro<\/strong>&nbsp;eingespielt.<\/p>\n<\/div>\n<\/div>\n\n\n\n<figure class=\"wp-block-image size-full\"><img loading=\"lazy\" decoding=\"async\" width=\"2560\" height=\"1707\" src=\"https:\/\/benefizkonzert-lingen.de\/wp-content\/uploads\/2026\/01\/18-01-2025_9-benefiz_konzert_362-scaled.jpg\" alt=\"\" class=\"wp-image-50\" style=\"aspect-ratio:4\/3;object-fit:cover\" srcset=\"https:\/\/benefizkonzert-lingen.de\/wp-content\/uploads\/2026\/01\/18-01-2025_9-benefiz_konzert_362-scaled.jpg 2560w, https:\/\/benefizkonzert-lingen.de\/wp-content\/uploads\/2026\/01\/18-01-2025_9-benefiz_konzert_362-300x200.jpg 300w, https:\/\/benefizkonzert-lingen.de\/wp-content\/uploads\/2026\/01\/18-01-2025_9-benefiz_konzert_362-1024x683.jpg 1024w, https:\/\/benefizkonzert-lingen.de\/wp-content\/uploads\/2026\/01\/18-01-2025_9-benefiz_konzert_362-768x512.jpg 768w, https:\/\/benefizkonzert-lingen.de\/wp-content\/uploads\/2026\/01\/18-01-2025_9-benefiz_konzert_362-1536x1024.jpg 1536w, https:\/\/benefizkonzert-lingen.de\/wp-content\/uploads\/2026\/01\/18-01-2025_9-benefiz_konzert_362-2048x1365.jpg 2048w\" sizes=\"auto, (max-width: 2560px) 100vw, 2560px\" \/><\/figure>\n<\/div>\n<\/div>\n\n\n\n<div class=\"wp-block-group alignfull is-style-section-5 has-global-padding is-layout-constrained wp-block-group-is-layout-constrained is-style-section-5--5\" style=\"margin-top:0;margin-bottom:0;padding-top:var(--wp--preset--spacing--50);padding-bottom:var(--wp--preset--spacing--50)\">\n<div class=\"wp-block-columns alignwide is-layout-flex wp-container-core-columns-is-layout-7ee84d44 wp-block-columns-is-layout-flex\">\n<div class=\"wp-block-column is-vertically-aligned-center is-layout-flow wp-block-column-is-layout-flow\" style=\"flex-basis:50%\">\n<figure class=\"wp-block-image size-full is-resized\"><img loading=\"lazy\" decoding=\"async\" width=\"450\" height=\"300\" src=\"https:\/\/benefizkonzert-lingen.de\/wp-content\/uploads\/2026\/01\/18-01-2025_9-benefiz_konzert_74.jpg\" alt=\"\" class=\"wp-image-35\" style=\"aspect-ratio:4\/3;object-fit:contain;width:597px;height:auto\" srcset=\"https:\/\/benefizkonzert-lingen.de\/wp-content\/uploads\/2026\/01\/18-01-2025_9-benefiz_konzert_74.jpg 450w, https:\/\/benefizkonzert-lingen.de\/wp-content\/uploads\/2026\/01\/18-01-2025_9-benefiz_konzert_74-300x200.jpg 300w\" sizes=\"auto, (max-width: 450px) 100vw, 450px\" \/><\/figure>\n<\/div>\n\n\n\n<div class=\"wp-block-column is-vertically-aligned-center is-layout-flow wp-block-column-is-layout-flow\" style=\"flex-basis:50%\">\n<p class=\"has-medium-font-size\">Das <strong>9. Benefizkonzert<\/strong> fand am 18.01.2025 statt. Dieses Mal ohne Revoice, daf\u00fcr aber mit vielen bekannten Gesichtern: Dirty Fingers, NOBC und Acoustic Steel sorgten wieder ordentlich f\u00fcr Stimmung. Als zus\u00e4tzliches Highlight war mit Rockfish eine weitere lokale Band am Start. Revoice wurde an diesem Abend noch einmal auf der B\u00fchne geehrt, gleichzeitig verabschiedeten sich die Dirty Fingers mit diesem Konzert. Die Aftershow-Party \u00fcbernahmen DJ Berti und DJ Jens, die den Abend perfekt ausklingen lie\u00dfen. Wie schon im Jahr zuvor fand das Konzert in der Emsland-Halle statt. Und auch das Ergebnis konnte sich mehr als sehen lassen: Am Ende stand ein Reinerl\u00f6s von stolzen 48.383 Euro.<\/p>\n\n\n\n<p class=\"has-text-align-left has-medium-font-size\">Der Erfolg der letzte Jahre hat uns Recht gegeben und auch die Resonanz der \u00d6ffentlichkeit, der Bands und nicht zuletzt der tausenden begeisterten Besucher war sensationell. So konnten wir&nbsp;<strong>\u00fcber die letzten Jahren Spenden in H\u00f6he von insgesamt \u00fcber 380.000 EUR&nbsp;<\/strong>an den Kinderschutzbund Lingen &amp; Meppen \u00fcbergeben.<\/p>\n<\/div>\n<\/div>\n<\/div>\n\n\n\n<p class=\"has-text-align-left has-medium-font-size\">An dieser Stelle wollen wir uns auch noch noch einmal bei allen Sponsoren f\u00fcr die gro\u00dfartige Unterst\u00fctzung bedanken. Nat\u00fcrlich gilt unser Dank auch allen flei\u00dfigen Helfern der RT- und OT-Tische, dem Ladies-Circle, dem Kinderschutzbund, den Marketenderinnen, den Kivelingen und nicht zuletzt auch noch den Bands und DJs, die all die Arbeit ehrenamtlich und ohne Gage leisten. Ohne deren Hilfe w\u00e4re so ein Projekt jedoch nicht stemmbar.&nbsp;<\/p>\n\n\n\n<p class=\"has-medium-font-size\"><strong>Wir Danken daher allen beteiligten f\u00fcr die gro\u00dfe Unterst\u00fctzung und das vertrauen, dass uns entgegengebracht wurde.<\/strong><\/p>\n\n\n\n<p><\/p>\n","protected":false},"excerpt":{"rendered":"<p>\u00dcber 380.000 \u20ac Erl\u00f6s Das RT-Benefizkonzert ist in den letzten Jahren zu einer festen Gr\u00f6\u00dfe der Charity- und Musik-Veranstaltungen im Emsland geworden. Entstanden ist die Idee dazu auf dem Lingener Weihnachtsmarkt. Dort war der ehemalige RT 142 Lingen-Meppen viele Jahre lang mit einer Gl\u00fchweinbude vertreten. Mittlerweile sind aus einem Tisch zwei geworden, dennoch wird dieses [&hellip;]<\/p>\n","protected":false},"author":1,"featured_media":0,"parent":0,"menu_order":0,"comment_status":"closed","ping_status":"closed","template":"","meta":{"footnotes":""},"class_list":["post-43","page","type-page","status-publish","hentry"],"_links":{"self":[{"href":"https:\/\/benefizkonzert-lingen.de\/index.php\/wp-json\/wp\/v2\/pages\/43","targetHints":{"allow":["GET"]}}],"collection":[{"href":"https:\/\/benefizkonzert-lingen.de\/index.php\/wp-json\/wp\/v2\/pages"}],"about":[{"href":"https:\/\/benefizkonzert-lingen.de\/index.php\/wp-json\/wp\/v2\/types\/page"}],"author":[{"embeddable":true,"href":"https:\/\/benefizkonzert-lingen.de\/index.php\/wp-json\/wp\/v2\/users\/1"}],"replies":[{"embeddable":true,"href":"https:\/\/benefizkonzert-lingen.de\/index.php\/wp-json\/wp\/v2\/comments?post=43"}],"version-history":[{"count":3,"href":"https:\/\/benefizkonzert-lingen.de\/index.php\/wp-json\/wp\/v2\/pages\/43\/revisions"}],"predecessor-version":[{"id":110,"href":"https:\/\/benefizkonzert-lingen.de\/index.php\/wp-json\/wp\/v2\/pages\/43\/revisions\/110"}],"wp:attachment":[{"href":"https:\/\/benefizkonzert-lingen.de\/index.php\/wp-json\/wp\/v2\/media?parent=43"}],"curies":[{"name":"wp","href":"https:\/\/api.w.org\/{rel}","templated":true}]}}